{"id":20,"date":"2025-02-15T16:13:39","date_gmt":"2025-02-15T14:13:39","guid":{"rendered":"https:\/\/kokeiluversio.mielijakuvitus.fi\/?page_id=20"},"modified":"2026-03-29T14:46:08","modified_gmt":"2026-03-29T11:46:08","slug":"psykologiset-tutkimukset","status":"publish","type":"page","link":"https:\/\/www.mielijakuvitus.fi\/?page_id=20","title":{"rendered":"Psykologiset tutkimukset"},"content":{"rendered":"\n<p>Psykologipalvelu Mieli ja Kuvitus oy tekee pienimuotoisesti psykologisia tutkimuksia, lausuntoja varten vaadittavia arviointiprosesseja ja\/tai oppimisvaikeustutkimuksia lapsille ja aikuisille joko asiakkaan omasta tilauksesta tai toisen palveluntuottajan toimeksiannosta. Tutkimukset perustuvat standardoituihin tutkimusmenetelmiin sek\u00e4 haastatteluun ja havainnointiin.<\/p>\n\n\n\n<p>Tutkimuksilla voidaan arvioida mm.<br>\u2013 oppimisvaikeuksia<br>\u2013 tunne- ja persoonallisuuden osa-alueiden vaikeuksia<br>\u2013 muistiongelmia<\/p>\n\n\n\n<p>Tutkimusten tekemisell\u00e4 tulee olla selke\u00e4 lis\u00e4arvo yksil\u00f6n tilanteen selvitt\u00e4misess\u00e4.<\/p>\n\n\n\n<p><\/p>\n","protected":false},"excerpt":{"rendered":"<p>Psykologipalvelu Mieli ja Kuvitus oy tekee pienimuotoisesti psykologisia tutkimuksia, lausuntoja varten vaadittavia arviointiprosesseja ja\/tai oppimisvaikeustutkimuksia lapsille ja aikuisille joko asiakkaan omasta tilauksesta tai toisen palveluntuottajan toimeksiannosta. Tutkimukset perustuvat standardoituihin tutkimusmenetelmiin &#8230;<\/p>\n","protected":false},"author":1,"featured_media":0,"parent":0,"menu_order":0,"comment_status":"closed","ping_status":"closed","template":"","meta":{"footnotes":""},"class_list":["post-20","page","type-page","status-publish","hentry"],"_links":{"self":[{"href":"https:\/\/www.mielijakuvitus.fi\/index.php?rest_route=\/wp\/v2\/pages\/20","targetHints":{"allow":["GET"]}}],"collection":[{"href":"https:\/\/www.mielijakuvitus.fi\/index.php?rest_route=\/wp\/v2\/pages"}],"about":[{"href":"https:\/\/www.mielijakuvitus.fi\/index.php?rest_route=\/wp\/v2\/types\/page"}],"author":[{"embeddable":true,"href":"https:\/\/www.mielijakuvitus.fi\/index.php?rest_route=\/wp\/v2\/users\/1"}],"replies":[{"embeddable":true,"href":"https:\/\/www.mielijakuvitus.fi\/index.php?rest_route=%2Fwp%2Fv2%2Fcomments&post=20"}],"version-history":[{"count":4,"href":"https:\/\/www.mielijakuvitus.fi\/index.php?rest_route=\/wp\/v2\/pages\/20\/revisions"}],"predecessor-version":[{"id":129,"href":"https:\/\/www.mielijakuvitus.fi\/index.php?rest_route=\/wp\/v2\/pages\/20\/revisions\/129"}],"wp:attachment":[{"href":"https:\/\/www.mielijakuvitus.fi\/index.php?rest_route=%2Fwp%2Fv2%2Fmedia&parent=20"}],"curies":[{"name":"wp","href":"https:\/\/api.w.org\/{rel}","templated":true}]}}