{"id":26,"date":"2025-02-15T16:13:39","date_gmt":"2025-02-15T14:13:39","guid":{"rendered":"https:\/\/kokeiluversio.mielijakuvitus.fi\/?page_id=26"},"modified":"2026-03-30T08:17:34","modified_gmt":"2026-03-30T05:17:34","slug":"parisuhdeterapia","status":"publish","type":"page","link":"https:\/\/www.mielijakuvitus.fi\/?page_id=26","title":{"rendered":"Parisuhdeterapia"},"content":{"rendered":"\n<p>Parisuhdeterapia tarjoaa tilan pys\u00e4hty\u00e4 suhteen \u00e4\u00e4relle silloin, kun arkeen on muodostunut kuormittavia toimintamalleja, ristiriitoja tai vuorovaikutuksen haasteita. Usein parit tulevat terapiaan, kun jokin suhdetta kuormittava tapa toistuu yh\u00e4 uudelleen \u2013 se ehk\u00e4 tunnistetaan, mutta sit\u00e4 ei omin voimin osata muuttaa. Toisinaan terapiaan hakeudutaan vahvistamaan yhteytt\u00e4, hakemaan uusia tapoja kohdata toisensa tai l\u00f6yt\u00e4m\u00e4\u00e4n tukea el\u00e4m\u00e4n kriiseiss\u00e4 ja muutostilanteissa.<\/p>\n\n\n\n<p>Terapian tavoitteet ja kesto m\u00e4\u00e4ritell\u00e4\u00e4n yhdess\u00e4 parin omista toiveista ja tarpeista k\u00e4sin. Olen&nbsp;<strong>sertifioitu tunnekeskeinen parisuhdeterapeutti (EFT)<\/strong>, ja ty\u00f6skentelyni pohjaa tunnekeskeisen terapian teoreettiseen ja menetelm\u00e4lliseen perustaan yhdistettyn\u00e4 ratkaisu- ja voimavarakeskeiseen ty\u00f6otteeseen. Tarkoituksena ei ole etsi\u00e4 syyllisi\u00e4 tai jumittua ongelmiin, vaan suunnata huomio siihen, miten suhteen turvallisuutta, yhteytt\u00e4 ja ymm\u00e4rryst\u00e4 voidaan rakentaa uudelleen.<\/p>\n\n\n\n<p>Yksi yleinen syy hakeutua parisuhdeterapiaan on se, ett\u00e4 kotona keskustelut eiv\u00e4t en\u00e4\u00e4 kanna \u2013 ne eiv\u00e4t l\u00e4hde k\u00e4yntiin, tai ne p\u00e4\u00e4tyv\u00e4t riitoihin ja v\u00e4\u00e4rinymm\u00e4rryksiin. Terapeutin roolina on toimia&nbsp;<strong>tasapuolisena, turvallisuutta rakentavana ja vuorovaikutusta tukevana osapuolena<\/strong>, joka auttaa paria n\u00e4kem\u00e4\u00e4n tilanteet uudesta n\u00e4k\u00f6kulmasta ja l\u00f6yt\u00e4m\u00e4\u00e4n toimivampia tapoja kohdata toisensa.<\/p>\n\n\n\n<p>Ty\u00f6skentelyss\u00e4 korostuu:<\/p>\n\n\n\n<ul class=\"wp-block-list\">\n<li>yhteisen ymm\u00e4rryksen vahvistaminen<\/li>\n\n\n\n<li>tunneyhteyden rakentaminen<\/li>\n\n\n\n<li>uusien vuorovaikutustapojen l\u00f6yt\u00e4minen<\/li>\n\n\n\n<li>haitallisten toimintamallien purkaminen<\/li>\n\n\n\n<li>Varhaisten\/aikaisempien kiintymyssuhteiden haitallisten merkitysten n\u00e4kyminen suhteessa&nbsp;<\/li>\n\n\n\n<li>turvallisen suhteen vahvistaminen<\/li>\n<\/ul>\n\n\n\n<p>Tavoitteena on auttaa paria l\u00f6yt\u00e4m\u00e4\u00e4n keinoja olla toisilleen l\u00e4sn\u00e4, kuulla toisiaan ja rakentaa suhdetta, joka kest\u00e4\u00e4 arjen haasteita ja vahvistuu niiden l\u00e4pi kulkiessa.<\/p>\n\n\n\n<p>Pariterapian hinnat l\u00f6ytyv\u00e4t <a href=\"https:\/\/www.mielijakuvitus.fi\/?page_id=42\" data-type=\"page\" data-id=\"42\">hinnastosta<\/a>.<\/p>\n\n\n\n<p><\/p>\n","protected":false},"excerpt":{"rendered":"<p>Parisuhdeterapia tarjoaa tilan pys\u00e4hty\u00e4 suhteen \u00e4\u00e4relle silloin, kun arkeen on muodostunut kuormittavia toimintamalleja, ristiriitoja tai vuorovaikutuksen haasteita. Usein parit tulevat terapiaan, kun jokin suhdetta kuormittava tapa toistuu yh\u00e4 uudelleen \u2013 &#8230;<\/p>\n","protected":false},"author":1,"featured_media":0,"parent":0,"menu_order":0,"comment_status":"closed","ping_status":"closed","template":"","meta":{"footnotes":""},"class_list":["post-26","page","type-page","status-publish","hentry"],"_links":{"self":[{"href":"https:\/\/www.mielijakuvitus.fi\/index.php?rest_route=\/wp\/v2\/pages\/26","targetHints":{"allow":["GET"]}}],"collection":[{"href":"https:\/\/www.mielijakuvitus.fi\/index.php?rest_route=\/wp\/v2\/pages"}],"about":[{"href":"https:\/\/www.mielijakuvitus.fi\/index.php?rest_route=\/wp\/v2\/types\/page"}],"author":[{"embeddable":true,"href":"https:\/\/www.mielijakuvitus.fi\/index.php?rest_route=\/wp\/v2\/users\/1"}],"replies":[{"embeddable":true,"href":"https:\/\/www.mielijakuvitus.fi\/index.php?rest_route=%2Fwp%2Fv2%2Fcomments&post=26"}],"version-history":[{"count":5,"href":"https:\/\/www.mielijakuvitus.fi\/index.php?rest_route=\/wp\/v2\/pages\/26\/revisions"}],"predecessor-version":[{"id":137,"href":"https:\/\/www.mielijakuvitus.fi\/index.php?rest_route=\/wp\/v2\/pages\/26\/revisions\/137"}],"wp:attachment":[{"href":"https:\/\/www.mielijakuvitus.fi\/index.php?rest_route=%2Fwp%2Fv2%2Fmedia&parent=26"}],"curies":[{"name":"wp","href":"https:\/\/api.w.org\/{rel}","templated":true}]}}