{"id":28,"date":"2025-02-15T16:13:39","date_gmt":"2025-02-15T14:13:39","guid":{"rendered":"https:\/\/kokeiluversio.mielijakuvitus.fi\/?page_id=28"},"modified":"2026-03-29T14:50:52","modified_gmt":"2026-03-29T11:50:52","slug":"kasvatusneuvonta","status":"publish","type":"page","link":"https:\/\/www.mielijakuvitus.fi\/?page_id=28","title":{"rendered":"Vanhemmuuden neuvonta"},"content":{"rendered":"\n<p>Vanhemmuuden ei tarvitse olla yksin kannateltu matka. Joskus lapsen k\u00e4ytt\u00e4ytyminen, tunteet tai kehitykseen liittyv\u00e4t kysymykset her\u00e4tt\u00e4v\u00e4t huolta \u2013 eik\u00e4 ole aina selv\u00e4\u00e4, onko kyseess\u00e4 jokin ohimenev\u00e4 vaihe vai jotakin, johon kaipaa lis\u00e4tukea ja ymm\u00e4rryst\u00e4. Vanhemmuuden neuvonta tarjoaa mahdollisuuden pys\u00e4hty\u00e4 n\u00e4iden asioiden \u00e4\u00e4relle&nbsp;turvallisesti, asiantuntijan kanssa yhdess\u00e4 pohtien.<\/p>\n\n\n\n<p>Vanhemmuuden neuvonta ei ole valmiiden ohjeiden jakamista tai yksisuuntaista neuvomista.<br>L\u00e4hestymistapani on&nbsp;ihmisl\u00e4heinen, tutkimuksellinen ja k\u00e4yt\u00e4nn\u00f6nl\u00e4heinen: autan sinua ymm\u00e4rt\u00e4m\u00e4\u00e4n lapsesi k\u00e4ytt\u00e4ytymist\u00e4 ja tunteita syvemmin sek\u00e4 l\u00f6yt\u00e4m\u00e4\u00e4n juuri sinun perheellesi toimivia ratkaisuja. Jokainen perhe on ainutlaatuinen, ja siksi etsimme keinot&nbsp;yhdess\u00e4, lapsen i\u00e4n, tilanteen ja perheen tarpeiden mukaan.<\/p>\n\n\n\n<p>Ty\u00f6skentely voi sis\u00e4lt\u00e4\u00e4 keskustelua, arjen tilanteiden purkamista, tunnes\u00e4\u00e4telyyn liittyvi\u00e4 n\u00e4k\u00f6kulmia tai konkreettisia keinoja lapsen k\u00e4ytt\u00e4ytymisen tukemiseen. K\u00e4yt\u00e4n ty\u00f6ss\u00e4ni kehityspsykologista ymm\u00e4rryst\u00e4, tutkittua tietoa sek\u00e4 mentalisaatiotaitojen tuomaa tukea vanhemmuuteen.&nbsp;<\/p>\n\n\n\n<p>Vanhemmuuden neuvonnasta voi olla hy\u00f6ty\u00e4 esimerkiksi silloin, kun:<\/p>\n\n\n\n<ul class=\"wp-block-list\">\n<li>lapsella on haastavaa k\u00e4ytt\u00e4ytymist\u00e4, pelkoja tai suuria tunteita<\/li>\n\n\n\n<li>arjessa on jatkuvia ristiriitoja tai ep\u00e4selvyytt\u00e4 siit\u00e4, miten tilanteissa tulisi toimia<\/li>\n\n\n\n<li>huoli lapsen kehityksest\u00e4 tai hyvinvoinnista her\u00e4tt\u00e4\u00e4 ep\u00e4tietoisuutta<\/li>\n\n\n\n<li>halutaan vahvistaa vanhemmuutta, jaksamista ja arjen hallintaa<\/li>\n\n\n\n<li>perheess\u00e4 on muutoksia tai kuormittavia vaiheita<\/li>\n<\/ul>\n\n\n\n<p>Neuvonnan tavoitteena on auttaa sinua ymm\u00e4rt\u00e4m\u00e4\u00e4n lastasi ja itse\u00e4si vanhempana entist\u00e4 paremmin \u2013 sek\u00e4 l\u00f6yt\u00e4m\u00e4\u00e4n tapoja, jotka lis\u00e4\u00e4v\u00e4t rauhaa, selkeytt\u00e4 ja my\u00f6t\u00e4tuntoa koko perheess\u00e4. Jokainen tapaaminen on yhteinen tutkimusmatka siihen, mik\u00e4 teid\u00e4n arjessanne toimii ja miten voimme tukea lasta kasvamaan omaksi itsekseen turvallisissa rajoissa ja hyv\u00e4ss\u00e4 vuorovaikutuksessa.<\/p>\n\n\n\n<p>Voit tulla vastaanotolle yksin, yhdess\u00e4 kumppanin tai my\u00f6s lapsen\/nuoren kanssa tai voidaan pohtia tilannetta my\u00f6s et\u00e4yhteydell\u00e4.&nbsp;<br>Tarjoan my\u00f6s mahdollisuuden hy\u00f6dynt\u00e4\u00e4 vanhemmuuden neuvontaa perheneuvolan palvelusetelill\u00e4.<\/p>\n\n\n\n<p>Ota rohkeasti yhteytt\u00e4.<br>Kuljetaan yhdess\u00e4 kohti tilanteita, joissa arki tuntuu kevyemm\u00e4lt\u00e4 ja lapsen hyvinvointi selke\u00e4mm\u00e4lt\u00e4.<\/p>\n\n\n\n<p><\/p>\n","protected":false},"excerpt":{"rendered":"<p>Vanhemmuuden ei tarvitse olla yksin kannateltu matka. Joskus lapsen k\u00e4ytt\u00e4ytyminen, tunteet tai kehitykseen liittyv\u00e4t kysymykset her\u00e4tt\u00e4v\u00e4t huolta \u2013 eik\u00e4 ole aina selv\u00e4\u00e4, onko kyseess\u00e4 jokin ohimenev\u00e4 vaihe vai jotakin, johon &#8230;<\/p>\n","protected":false},"author":1,"featured_media":0,"parent":0,"menu_order":0,"comment_status":"closed","ping_status":"closed","template":"","meta":{"footnotes":""},"class_list":["post-28","page","type-page","status-publish","hentry"],"_links":{"self":[{"href":"https:\/\/www.mielijakuvitus.fi\/index.php?rest_route=\/wp\/v2\/pages\/28","targetHints":{"allow":["GET"]}}],"collection":[{"href":"https:\/\/www.mielijakuvitus.fi\/index.php?rest_route=\/wp\/v2\/pages"}],"about":[{"href":"https:\/\/www.mielijakuvitus.fi\/index.php?rest_route=\/wp\/v2\/types\/page"}],"author":[{"embeddable":true,"href":"https:\/\/www.mielijakuvitus.fi\/index.php?rest_route=\/wp\/v2\/users\/1"}],"replies":[{"embeddable":true,"href":"https:\/\/www.mielijakuvitus.fi\/index.php?rest_route=%2Fwp%2Fv2%2Fcomments&post=28"}],"version-history":[{"count":3,"href":"https:\/\/www.mielijakuvitus.fi\/index.php?rest_route=\/wp\/v2\/pages\/28\/revisions"}],"predecessor-version":[{"id":131,"href":"https:\/\/www.mielijakuvitus.fi\/index.php?rest_route=\/wp\/v2\/pages\/28\/revisions\/131"}],"wp:attachment":[{"href":"https:\/\/www.mielijakuvitus.fi\/index.php?rest_route=%2Fwp%2Fv2%2Fmedia&parent=28"}],"curies":[{"name":"wp","href":"https:\/\/api.w.org\/{rel}","templated":true}]}}