{"id":44,"date":"2025-02-15T16:16:31","date_gmt":"2025-02-15T14:16:31","guid":{"rendered":"https:\/\/kokeiluversio.mielijakuvitus.fi\/?page_id=44"},"modified":"2026-03-29T14:39:59","modified_gmt":"2026-03-29T11:39:59","slug":"minusta","status":"publish","type":"page","link":"https:\/\/www.mielijakuvitus.fi\/?page_id=44","title":{"rendered":"Minusta"},"content":{"rendered":"\n<p>Psykologipalvelut Mieli ja Kuvitus oy:n takana h\u00e4\u00e4rin min\u00e4, Tarja Salokoski.&nbsp;&nbsp;Olen valmistunut psykologian maisteriksi vuonna 2000. Psykologian tohtoriksi v\u00e4ittelin 2005. Olen laillistettu psykologi. Psykoterapiakoulutuksia minulla on useampia. Olen k\u00e4ynyt ratkaisu- ja voimavarakeskeisen sek\u00e4 traumapsykoterapeutin koulutukset. Lis\u00e4ksi olen sertifioitu tunnekeskeinen parisuhdeterapeutti (EFT). Olen opiskellut kognitiivista k\u00e4ytt\u00e4ytymisterapiaa (HOT), sensomotorista psykoterapiaa sek\u00e4 olen EMDR-terapeutti. Lis\u00e4ksi olen suorittanut erilaisia lyhyempi\u00e4 menetelm\u00e4koulutuksia. Aikoinaan olen tehnyt my\u00f6s el\u00e4inavusteista psykoterapiaa. L\u00e4hestymistapani psykoterapiassa on integratiivinen.<\/p>\n\n\n\n<p>Olen toiminut yksityisen\u00e4 elinkeinoharjoittajana tai yritt\u00e4j\u00e4n\u00e4 vuodesta 2007 alkaen. Lis\u00e4ksi olen ty\u00f6skennellyt koulupsykologina, toisen asteen oppilaitoksen psykologina, tehnyt lasten tukiterapioita sek\u00e4 vanhemmuuden ohjauksia psykologina. Olen toiminut my\u00f6s tutkijana, kouluttajana, konsulttina ja ty\u00f6nohjaajana. Asiantuntijana olen ollut mukana mediapsykologian, riippuvuuksien, lasten kehitykseen, kasvatukseen sek\u00e4 vanhemmuuteen liittyviss\u00e4 projekteissa. Lis\u00e4ksi olen toiminut ja toimin kliinisen psykologian yliopistonlehtorina. Teen my\u00f6s ty\u00f6terveyden lyhytpsykoterapiaa.&nbsp;<\/p>\n\n\n\n<p>Ty\u00f6skentelytapani on&nbsp;integratiivinen ja syv\u00e4sti ihmisl\u00e4heinen. Minulle psykoterapia ei ole valmis menetelm\u00e4paketti tai sapluuna, jota sovelletaan kaikille saman kaavan mukaan.&nbsp;Minulla ei ole valmiita vastauksia, enk\u00e4 k\u00e4yt\u00e4 yht\u00e4 ja samaa ty\u00f6kalua jokaiselle asiakkaalle vaan sovitan ty\u00f6skentelyni juuri sinun tapaasi k\u00e4sitell\u00e4, tuntea ja olla. Uskon siihen, ett\u00e4 jokaisella ihmisell\u00e4 on omanlaisensa tie kohti muutosta. Se, mik\u00e4 toimii yhdell\u00e4, ei v\u00e4ltt\u00e4m\u00e4tt\u00e4 toimi toisella \u2013 ja siksi etsimme juuri sinulle sopivat keinot&nbsp;yhdess\u00e4. N\u00e4en psykoterapian v\u00e4h\u00e4n kuin talon korjaamisen: sit\u00e4 ei kannata tehd\u00e4 pelk\u00e4ll\u00e4 vasaralla. Kun k\u00e4yt\u00f6ss\u00e4 on laaja ty\u00f6kalupakki, voimme valita tilanteeseen ja tarpeeseen sopivimmat ty\u00f6skentelytavat \u2013 juuri oikeaan kohtaan, oikea-aikaisesti.Laaja-alainen kokemukseni antaa mahdollisuuden ty\u00f6skennell\u00e4 monipuolisesti ja joustavasti niin erilaisten el\u00e4m\u00e4ntilannekriisien ja arjen haasteiden, mielenterveysongelmien, ihmissuhdevaikeuksien kuin my\u00f6s vakavien tai kehityksellisten traumojen parissa.&nbsp;<\/p>\n\n\n\n<p><br>Psykoterapiaa ei tarvitse tai voi suorittaa. Tarkoitus ei ole \u201dp\u00e4rj\u00e4t\u00e4\u201d tai \u201donnistua\u201d, vaan uskaltaa turvallisessa tilassa pys\u00e4hty\u00e4 omien kokemusten \u00e4\u00e4relle. Minun teht\u00e4v\u00e4ni on auttaa sinua antamalla aikaa ja tilaa prosessille, sek\u00e4 tukemalla sinua huomaamaan niit\u00e4 kohtia, joista muutos voi alkaa, miten se voi jatkua ja mit\u00e4 kohti olet mahdollisesti menossa tai haluat menn\u00e4.<\/p>\n\n\n\n<p>Ty\u00f6skentely voi sis\u00e4lt\u00e4\u00e4 keskustelua, mutta voimme hy\u00f6dynt\u00e4\u00e4 tarpeen mukaan my\u00f6s&nbsp;kehon ja mielen yhteytt\u00e4 tukevia kehollisia sek\u00e4 toiminnallisia menetelmi\u00e4. T\u00e4m\u00e4 voi tarkoittaa esimerkiksi kehotietoisuutta, tunteiden s\u00e4\u00e4telyn harjoitteita, mielikuvaty\u00f6skentely\u00e4, EMDR:\u00e4\u00e4, konstellaatiota tai muita menetelmi\u00e4, jotka auttavat sinua sanoittamaan ja ymm\u00e4rt\u00e4m\u00e4\u00e4n kokemuksiasi syvemmin.<\/p>\n\n\n\n<p><br>Ajattelen, ett\u00e4 mik\u00e4 tahansa keskustelu voi olla terapeuttista, mutta psykoterapian erityisyys on siin\u00e4, ett\u00e4 etenemme yhdess\u00e4 kohti selke\u00e4sti asetettuja tavoitteita \u2013 sinun tahdissasi, sinun rytmi\u00e4si seuraten. Min\u00e4 huolehdin prosessin rakenteesta ja selkeydest\u00e4.<\/p>\n\n\n\n<p>Terapeuttina olen aktiivinen ja mukana ty\u00f6skentelyss\u00e4.<br>Sanotan, kysyn, pys\u00e4yt\u00e4n, autan n\u00e4kem\u00e4\u00e4n asioita uusista n\u00e4k\u00f6kulmista ja rakennan turvallisuutta, jotta voit kokea tulevasi aidosti n\u00e4hdyksi ja kuulluksi. Samalla kunnioitan syv\u00e4sti sinun&nbsp;arvojasi, vakaumustasi, identiteetti\u00e4si ja yksil\u00f6llisyytt\u00e4si. Sinun tarinallasi on merkitys, ja se ohjaa my\u00f6s ty\u00f6skentely\u00e4mme.<\/p>\n\n\n\n<p>Jos etsit pelkk\u00e4\u00e4 empaattista kuuntelijaa, en todenn\u00e4k\u00f6isesti ole oikea psykoterapeutti.<br>Mutta jos etsit ammattilaista, joka kulkee rinnallasi, tukee, haastaa rakentavasti ja auttaa l\u00f6yt\u00e4m\u00e4\u00e4n omann\u00e4k\u00f6isi\u00e4, kest\u00e4vi\u00e4 tapoja el\u00e4\u00e4 hyv\u00e4\u00e4, tasapainoista ja merkityksellist\u00e4 el\u00e4m\u00e4\u00e4 \u2013 voin olla oikea kanssakulkija sinun terapiaprosessiisi.<\/p>\n","protected":false},"excerpt":{"rendered":"<p>Psykologipalvelut Mieli ja Kuvitus oy:n takana h\u00e4\u00e4rin min\u00e4, Tarja Salokoski.&nbsp;&nbsp;Olen valmistunut psykologian maisteriksi vuonna 2000. Psykologian tohtoriksi v\u00e4ittelin 2005. Olen laillistettu psykologi. Psykoterapiakoulutuksia minulla on useampia. Olen k\u00e4ynyt ratkaisu- ja &#8230;<\/p>\n","protected":false},"author":1,"featured_media":0,"parent":0,"menu_order":0,"comment_status":"closed","ping_status":"closed","template":"","meta":{"footnotes":""},"class_list":["post-44","page","type-page","status-publish","hentry"],"_links":{"self":[{"href":"https:\/\/www.mielijakuvitus.fi\/index.php?rest_route=\/wp\/v2\/pages\/44","targetHints":{"allow":["GET"]}}],"collection":[{"href":"https:\/\/www.mielijakuvitus.fi\/index.php?rest_route=\/wp\/v2\/pages"}],"about":[{"href":"https:\/\/www.mielijakuvitus.fi\/index.php?rest_route=\/wp\/v2\/types\/page"}],"author":[{"embeddable":true,"href":"https:\/\/www.mielijakuvitus.fi\/index.php?rest_route=\/wp\/v2\/users\/1"}],"replies":[{"embeddable":true,"href":"https:\/\/www.mielijakuvitus.fi\/index.php?rest_route=%2Fwp%2Fv2%2Fcomments&post=44"}],"version-history":[{"count":3,"href":"https:\/\/www.mielijakuvitus.fi\/index.php?rest_route=\/wp\/v2\/pages\/44\/revisions"}],"predecessor-version":[{"id":122,"href":"https:\/\/www.mielijakuvitus.fi\/index.php?rest_route=\/wp\/v2\/pages\/44\/revisions\/122"}],"wp:attachment":[{"href":"https:\/\/www.mielijakuvitus.fi\/index.php?rest_route=%2Fwp%2Fv2%2Fmedia&parent=44"}],"curies":[{"name":"wp","href":"https:\/\/api.w.org\/{rel}","templated":true}]}}