{"id":48,"date":"2025-02-15T16:17:15","date_gmt":"2025-02-15T14:17:15","guid":{"rendered":"https:\/\/kokeiluversio.mielijakuvitus.fi\/?page_id=48"},"modified":"2026-03-29T14:46:40","modified_gmt":"2026-03-29T11:46:40","slug":"vastaanottotilat","status":"publish","type":"page","link":"https:\/\/www.mielijakuvitus.fi\/?page_id=48","title":{"rendered":"Vastaanottotilat"},"content":{"rendered":"\n<p>Vastaanotto sijaitsee osoitteessa Keskussairaalantie 15 B 14. K\u00e4ynti ei ole aivan esteet\u00f6n, vaikka tilat sijaitsevat ensimm\u00e4isess\u00e4 kerroksessa. Ykk\u00f6skerroksen noustessa on muutama rappu. Ovea koristaa nimi Mieli &amp; Kuvitus (Salokoski). Vastaanotolla ei ole odotustiloja ja pid\u00e4n t\u00e4rke\u00e4n\u00e4 sit\u00e4, ett\u00e4 asiakkaat saavat tulla ja menn\u00e4 yksityisesti, joten tulethan sin\u00e4kin vasta silloin, kun aikasi on.\u00a0<\/p>\n","protected":false},"excerpt":{"rendered":"<p>Vastaanotto sijaitsee osoitteessa Keskussairaalantie 15 B 14. K\u00e4ynti ei ole aivan esteet\u00f6n, vaikka tilat sijaitsevat ensimm\u00e4isess\u00e4 kerroksessa. Ykk\u00f6skerroksen noustessa on muutama rappu. Ovea koristaa nimi Mieli &amp; Kuvitus (Salokoski). Vastaanotolla &#8230;<\/p>\n","protected":false},"author":1,"featured_media":0,"parent":0,"menu_order":0,"comment_status":"closed","ping_status":"closed","template":"","meta":{"footnotes":""},"class_list":["post-48","page","type-page","status-publish","hentry"],"_links":{"self":[{"href":"https:\/\/www.mielijakuvitus.fi\/index.php?rest_route=\/wp\/v2\/pages\/48","targetHints":{"allow":["GET"]}}],"collection":[{"href":"https:\/\/www.mielijakuvitus.fi\/index.php?rest_route=\/wp\/v2\/pages"}],"about":[{"href":"https:\/\/www.mielijakuvitus.fi\/index.php?rest_route=\/wp\/v2\/types\/page"}],"author":[{"embeddable":true,"href":"https:\/\/www.mielijakuvitus.fi\/index.php?rest_route=\/wp\/v2\/users\/1"}],"replies":[{"embeddable":true,"href":"https:\/\/www.mielijakuvitus.fi\/index.php?rest_route=%2Fwp%2Fv2%2Fcomments&post=48"}],"version-history":[{"count":3,"href":"https:\/\/www.mielijakuvitus.fi\/index.php?rest_route=\/wp\/v2\/pages\/48\/revisions"}],"predecessor-version":[{"id":130,"href":"https:\/\/www.mielijakuvitus.fi\/index.php?rest_route=\/wp\/v2\/pages\/48\/revisions\/130"}],"wp:attachment":[{"href":"https:\/\/www.mielijakuvitus.fi\/index.php?rest_route=%2Fwp%2Fv2%2Fmedia&parent=48"}],"curies":[{"name":"wp","href":"https:\/\/api.w.org\/{rel}","templated":true}]}}