{"id":90,"date":"2025-02-16T14:23:23","date_gmt":"2025-02-16T12:23:23","guid":{"rendered":"https:\/\/kokeiluversio.mielijakuvitus.fi\/?page_id=90"},"modified":"2025-02-16T14:23:23","modified_gmt":"2025-02-16T12:23:23","slug":"psykologipalvelut-mieli-ja-kuvitus-kotisivu","status":"publish","type":"page","link":"https:\/\/www.mielijakuvitus.fi\/","title":{"rendered":"Psykologipalvelut mieli ja kuvitus- kotisivu"},"content":{"rendered":"\n<h1 class=\"wp-block-heading\">Ratkaisuja ja voimavaroja<\/h1>\n\n\n\n<p>Tarjoan monipuolisesti psykologisia palveluita, psykoterapiaa, ty\u00f6nohjausta sek\u00e4 koulutusta. Ota rohkeasti yhteytt\u00e4! GSM 050 542 9766 tarja.salokoski@mielijakuvitus.fi Tarjolla my\u00f6s ilta-aikoja.<\/p>\n\n\n\n<p><\/p>\n","protected":false},"excerpt":{"rendered":"<p>Ratkaisuja ja voimavaroja Tarjoan monipuolisesti psykologisia palveluita, psykoterapiaa, ty\u00f6nohjausta sek\u00e4 koulutusta. Ota rohkeasti yhteytt\u00e4! GSM 050 542 9766 tarja.salokoski@mielijakuvitus.fi Tarjolla my\u00f6s ilta-aikoja.<\/p>\n","protected":false},"author":1,"featured_media":0,"parent":0,"menu_order":0,"comment_status":"closed","ping_status":"closed","template":"template-frontpage.php","meta":{"footnotes":""},"class_list":["post-90","page","type-page","status-publish","hentry"],"_links":{"self":[{"href":"https:\/\/www.mielijakuvitus.fi\/index.php?rest_route=\/wp\/v2\/pages\/90","targetHints":{"allow":["GET"]}}],"collection":[{"href":"https:\/\/www.mielijakuvitus.fi\/index.php?rest_route=\/wp\/v2\/pages"}],"about":[{"href":"https:\/\/www.mielijakuvitus.fi\/index.php?rest_route=\/wp\/v2\/types\/page"}],"author":[{"embeddable":true,"href":"https:\/\/www.mielijakuvitus.fi\/index.php?rest_route=\/wp\/v2\/users\/1"}],"replies":[{"embeddable":true,"href":"https:\/\/www.mielijakuvitus.fi\/index.php?rest_route=%2Fwp%2Fv2%2Fcomments&post=90"}],"version-history":[{"count":1,"href":"https:\/\/www.mielijakuvitus.fi\/index.php?rest_route=\/wp\/v2\/pages\/90\/revisions"}],"predecessor-version":[{"id":91,"href":"https:\/\/www.mielijakuvitus.fi\/index.php?rest_route=\/wp\/v2\/pages\/90\/revisions\/91"}],"wp:attachment":[{"href":"https:\/\/www.mielijakuvitus.fi\/index.php?rest_route=%2Fwp%2Fv2%2Fmedia&parent=90"}],"curies":[{"name":"wp","href":"https:\/\/api.w.org\/{rel}","templated":true}]}}